{"id":1381,"date":"2025-03-25T15:56:14","date_gmt":"2025-03-25T15:56:14","guid":{"rendered":"https:\/\/conterkasas.com\/?page_id=1381"},"modified":"2025-03-26T14:46:23","modified_gmt":"2025-03-26T14:46:23","slug":"terms-and-conditions","status":"publish","type":"page","link":"https:\/\/conterkasas.com\/en\/terms-and-conditions\/","title":{"rendered":"Terms and conditions"},"content":{"rendered":"[vc_row type=&#8221;in_container&#8221; full_screen_row_position=&#8221;middle&#8221; column_margin=&#8221;default&#8221; column_direction=&#8221;default&#8221; column_direction_tablet=&#8221;default&#8221; column_direction_phone=&#8221;default&#8221; scene_position=&#8221;center&#8221; top_padding=&#8221;4%&#8221; bottom_padding=&#8221;6%&#8221; left_padding_desktop=&#8221;8%&#8221; constrain_group_2=&#8221;yes&#8221; right_padding_desktop=&#8221;8%&#8221; top_padding_tablet=&#8221;4%&#8221; bottom_padding_tablet=&#8221;6%&#8221; text_color=&#8221;dark&#8221; text_align=&#8221;left&#8221; row_border_radius=&#8221;none&#8221; row_border_radius_applies=&#8221;bg&#8221; overflow=&#8221;visible&#8221; overlay_strength=&#8221;0.3&#8243; gradient_direction=&#8221;left_to_right&#8221; shape_divider_position=&#8221;bottom&#8221; bg_image_animation=&#8221;none&#8221; gradient_type=&#8221;default&#8221; shape_type=&#8221;&#8221;][vc_column column_padding=&#8221;no-extra-padding&#8221; column_padding_tablet=&#8221;inherit&#8221; column_padding_phone=&#8221;inherit&#8221; column_padding_position=&#8221;all&#8221; column_element_direction_desktop=&#8221;default&#8221; column_element_spacing=&#8221;default&#8221; desktop_text_alignment=&#8221;default&#8221; tablet_text_alignment=&#8221;default&#8221; phone_text_alignment=&#8221;default&#8221; background_color_opacity=&#8221;1&#8243; background_hover_color_opacity=&#8221;1&#8243; column_backdrop_filter=&#8221;none&#8221; column_shadow=&#8221;none&#8221; column_border_radius=&#8221;none&#8221; column_link_target=&#8221;_self&#8221; column_position=&#8221;default&#8221; gradient_direction=&#8221;left_to_right&#8221; overlay_strength=&#8221;0.3&#8243; width=&#8221;1\/1&#8243; tablet_width_inherit=&#8221;default&#8221; animation_type=&#8221;default&#8221; bg_image_animation=&#8221;none&#8221; border_type=&#8221;simple&#8221; column_border_width=&#8221;none&#8221; column_border_style=&#8221;solid&#8221;][vc_row_inner column_margin=&#8221;none&#8221; column_direction=&#8221;default&#8221; column_direction_tablet=&#8221;default&#8221; column_direction_phone=&#8221;default&#8221; text_align=&#8221;left&#8221; row_position=&#8221;default&#8221; row_position_tablet=&#8221;inherit&#8221; row_position_phone=&#8221;inherit&#8221; overflow=&#8221;visible&#8221; pointer_events=&#8221;all&#8221;][vc_column_inner column_padding=&#8221;no-extra-padding&#8221; column_padding_tablet=&#8221;inherit&#8221; column_padding_phone=&#8221;inherit&#8221; column_padding_position=&#8221;all&#8221; top_margin=&#8221;0&#8243; bottom_margin=&#8221;0&#8243; column_element_direction_desktop=&#8221;default&#8221; column_element_spacing=&#8221;default&#8221; desktop_text_alignment=&#8221;default&#8221; tablet_text_alignment=&#8221;default&#8221; phone_text_alignment=&#8221;default&#8221; background_color_opacity=&#8221;1&#8243; background_hover_color_opacity=&#8221;1&#8243; column_backdrop_filter=&#8221;none&#8221; column_shadow=&#8221;none&#8221; column_border_radius=&#8221;none&#8221; column_link_target=&#8221;_self&#8221; overflow=&#8221;visible&#8221; gradient_direction=&#8221;left_to_right&#8221; overlay_strength=&#8221;0.3&#8243; width=&#8221;1\/1&#8243; tablet_width_inherit=&#8221;default&#8221; animation_type=&#8221;default&#8221; bg_image_animation=&#8221;none&#8221; border_type=&#8221;simple&#8221; column_border_width=&#8221;none&#8221; column_border_style=&#8221;solid&#8221; column_padding_type=&#8221;default&#8221; gradient_type=&#8221;default&#8221;][split_line_heading animation_type=&#8221;line-reveal-by-space&#8221; font_style=&#8221;h2&#8243; text_color=&#8221;#000000&#8243; line_reveal_by_space_text_effect=&#8221;default&#8221; stagger_animation=&#8221;true&#8221; content_alignment=&#8221;default&#8221; mobile_content_alignment=&#8221;inherit&#8221; link_target=&#8221;_self&#8221; text_content=&#8221;Terms and conditions&#8221; text_direction=&#8221;default&#8221; font_size=&#8221;4vw&#8221; font_line_height=&#8221;1&#8243;][\/split_line_heading][\/vc_column_inner][\/vc_row_inner][vc_row_inner column_margin=&#8221;default&#8221; column_direction=&#8221;default&#8221; column_direction_tablet=&#8221;default&#8221; column_direction_phone=&#8221;default&#8221; top_padding=&#8221;32&#8243; text_align=&#8221;left&#8221; row_position=&#8221;default&#8221; row_position_tablet=&#8221;inherit&#8221; row_position_phone=&#8221;inherit&#8221; overflow=&#8221;visible&#8221; pointer_events=&#8221;all&#8221; css=&#8221;.vc_custom_1736241769128{margin-bottom: 0px !important;}&#8221;][vc_column_inner column_padding=&#8221;no-extra-padding&#8221; column_padding_tablet=&#8221;inherit&#8221; column_padding_phone=&#8221;inherit&#8221; column_padding_position=&#8221;all&#8221; column_element_direction_desktop=&#8221;default&#8221; column_element_spacing=&#8221;default&#8221; desktop_text_alignment=&#8221;default&#8221; tablet_text_alignment=&#8221;default&#8221; phone_text_alignment=&#8221;default&#8221; background_color_opacity=&#8221;1&#8243; background_hover_color_opacity=&#8221;1&#8243; column_backdrop_filter=&#8221;none&#8221; column_shadow=&#8221;none&#8221; column_border_radius=&#8221;none&#8221; column_link_target=&#8221;_self&#8221; overflow=&#8221;visible&#8221; advanced_gradient_angle=&#8221;0&#8243; gradient_direction=&#8221;left_to_right&#8221; overlay_strength=&#8221;0.3&#8243; width=&#8221;1\/1&#8243; tablet_width_inherit=&#8221;default&#8221; animation_type=&#8221;default&#8221; enable_animation=&#8221;true&#8221; animation=&#8221;fade-in-from-bottom&#8221; animation_easing=&#8221;default&#8221; bg_image_animation=&#8221;none&#8221; border_type=&#8221;simple&#8221; column_border_width=&#8221;none&#8221; column_border_style=&#8221;solid&#8221; gradient_type=&#8221;default&#8221; column_padding_type=&#8221;default&#8221;][vc_column_text css=&#8221;&#8221; text_direction=&#8221;default&#8221;]The Terms and Conditions are governed by our validated commercial contract and aim to establish the terms that regulate our business relationship. By accessing our services, you agree to the provisions outlined, which are designed to ensure a clear and transparent understanding between the parties.<\/p>\n<p>The full commercial contract can be requested via email:<\/p>\n<p><a href=\"mailto:geral@conterkasas.com\">geral@conterkasas.com<\/a>[\/vc_column_text][\/vc_column_inner][\/vc_row_inner][vc_row_inner disable_element=&#8221;yes&#8221; column_margin=&#8221;default&#8221; column_direction=&#8221;default&#8221; column_direction_tablet=&#8221;default&#8221; column_direction_phone=&#8221;default&#8221; top_padding=&#8221;32&#8243; text_align=&#8221;left&#8221; row_position=&#8221;default&#8221; row_position_tablet=&#8221;inherit&#8221; row_position_phone=&#8221;inherit&#8221; overflow=&#8221;visible&#8221; pointer_events=&#8221;all&#8221;][vc_column_inner column_padding=&#8221;no-extra-padding&#8221; column_padding_tablet=&#8221;inherit&#8221; column_padding_phone=&#8221;inherit&#8221; column_padding_position=&#8221;all&#8221; column_element_direction_desktop=&#8221;default&#8221; column_element_spacing=&#8221;default&#8221; desktop_text_alignment=&#8221;default&#8221; tablet_text_alignment=&#8221;default&#8221; phone_text_alignment=&#8221;default&#8221; background_color_opacity=&#8221;1&#8243; background_hover_color_opacity=&#8221;1&#8243; column_backdrop_filter=&#8221;none&#8221; column_shadow=&#8221;none&#8221; column_border_radius=&#8221;none&#8221; column_link_target=&#8221;_self&#8221; overflow=&#8221;visible&#8221; advanced_gradient_angle=&#8221;0&#8243; gradient_direction=&#8221;left_to_right&#8221; overlay_strength=&#8221;0.3&#8243; width=&#8221;1\/1&#8243; tablet_width_inherit=&#8221;default&#8221; animation_type=&#8221;default&#8221; enable_animation=&#8221;true&#8221; animation=&#8221;fade-in-from-bottom&#8221; animation_easing=&#8221;default&#8221; bg_image_animation=&#8221;none&#8221; border_type=&#8221;simple&#8221; column_border_width=&#8221;none&#8221; column_border_style=&#8221;solid&#8221; gradient_type=&#8221;default&#8221; column_padding_type=&#8221;default&#8221;][vc_column_text css=&#8221;&#8221; text_direction=&#8221;default&#8221;]\n<h4>1. Ponto 1<\/h4>\n<p>Lorem ipsum dolor sit amet, consectetur adipiscing elit. Sed tempor metus nec sem convallis, vel rhoncus nisi lobortis. Mauris leo ipsum, viverra non imperdiet et, aliquam eu nisl. Integer sollicitudin faucibus suscipit. Ut mattis nunc eget neque ultricies consectetur. Nulla luctus dui iaculis tortor vehicula aliquet. Aliquam malesuada tellus molestie nisl imperdiet elementum. Praesent rutrum, quam vel tempor hendrerit, est elit porttitor arcu, eu euismod mi neque id ligula.<\/p>\n<h4>2. Ponto 2<\/h4>\n<p>Phasellus sodales placerat arcu, sed elementum quam eleifend in. Fusce vestibulum porttitor tellus, vel ultricies turpis imperdiet eu. Donec id leo nec nunc sodales fermentum ut hendrerit nibh. Aliquam ligula leo, faucibus sit amet posuere vel, blandit iaculis felis. Integer varius, nunc vitae iaculis aliquet, tellus velit facilisis mauris, bibendum vehicula ante magna eu quam. Nunc a lacus sit amet leo tristique facilisis at vitae erat. Sed et ornare felis.<\/p>\n<h4>3. Ponto 3<\/h4>\n<p>Phasellus sodales placerat arcu, sed elementum quam eleifend in. Fusce vestibulum porttitor tellus, vel ultricies turpis imperdiet eu:<\/p>\n<ul>\n<li>Nunc a lacus sit amet leo tristique facilisis at vitae erat;<\/li>\n<li>Nunc a lacus sit amet leo tristique facilisis at vitae erat;<\/li>\n<li>Nunc a lacus sit amet leo tristique facilisis at vitae erat;<\/li>\n<li>Nunc a lacus sit amet leo tristique facilisis at vitae erat;<\/li>\n<li>Nunc a lacus sit amet leo tristique facilisis at vitae erat.<\/li>\n<\/ul>\n<p>Lorem ipsum dolor sit amet, consectetur adipiscing elit. Sed tempor metus nec sem convallis, vel rhoncus nisi lobortis. Mauris leo ipsum, viverra non imperdiet et, aliquam eu nisl. Integer sollicitudin faucibus suscipit.<\/p>\n<h4>4. Ponto 4<\/h4>\n<p>Sed quis magna cursus, vestibulum lacus sit amet, hendrerit massa. Vestibulum viverra quis massa non ullamcorper. Quisque interdum fermentum rutrum. Ut in lacus tincidunt, ornare ipsum ut, egestas elit. Vestibulum ante ipsum primis in faucibus orci luctus et ultrices posuere cubilia curae; In rhoncus at lorem eget lacinia. Morbi iaculis ipsum orci, ac pretium velit consectetur sit amet. Curabitur in luctus ligula, vel ultrices odio. Aenean sapien odio, fermentum in porttitor id, fermentum nec mi.<\/p>\n<h4>5. Ponto 5<\/h4>\n<p>Integer efficitur risus nec est commodo pulvinar. Phasellus vitae tellus sem. Cras nibh libero, fermentum sit amet ultrices et, dignissim at dui. Mauris dui ipsum, fringilla ut felis vel, tincidunt blandit urna. Vivamus pharetra est rhoncus aliquam rhoncus. Cras condimentum luctus consectetur. Donec volutpat enim ut neque porttitor, a interdum lectus gravida. Phasellus at turpis nibh. Mauris posuere erat justo, cursus vestibulum turpis elementum quis. Cras ac fermentum lorem. Interdum et malesuada fames ac ante ipsum primis in faucibus. Duis elementum elementum ultricies.[\/vc_column_text][\/vc_column_inner][\/vc_row_inner][\/vc_column][\/vc_row]\n","protected":false},"excerpt":{"rendered":"<p>[vc_row type=&#8221;in_container&#8221; full_screen_row_position=&#8221;middle&#8221; column_margin=&#8221;default&#8221; column_direction=&#8221;default&#8221; column_direction_tablet=&#8221;default&#8221; column_direction_phone=&#8221;default&#8221; scene_position=&#8221;center&#8221; top_padding=&#8221;4%&#8221; bottom_padding=&#8221;6%&#8221; left_padding_desktop=&#8221;8%&#8221; constrain_group_2=&#8221;yes&#8221; right_padding_desktop=&#8221;8%&#8221; top_padding_tablet=&#8221;4%&#8221; bottom_padding_tablet=&#8221;6%&#8221; text_color=&#8221;dark&#8221; text_align=&#8221;left&#8221; row_border_radius=&#8221;none&#8221;&#8230;<\/p>\n","protected":false},"author":2,"featured_media":0,"parent":0,"menu_order":0,"comment_status":"closed","ping_status":"open","template":"","meta":{"_joinchat":[],"footnotes":""},"class_list":["post-1381","page","type-page","status-publish"],"yoast_head":"<!-- This site is optimized with the Yoast SEO plugin v24.7 - https:\/\/yoast.com\/wordpress\/plugins\/seo\/ -->\n<title>Terms and conditions<\/title>\n<meta name=\"robots\" content=\"index, follow, max-snippet:-1, max-image-preview:large, max-video-preview:-1\" \/>\n<link rel=\"canonical\" href=\"https:\/\/conterkasas.com\/en\/terms-and-conditions\/\" \/>\n<meta property=\"og:locale\" content=\"en_US\" \/>\n<meta property=\"og:type\" content=\"article\" \/>\n<meta property=\"og:title\" content=\"Terms and conditions\" \/>\n<meta property=\"og:description\" content=\"[vc_row type=&#8221;in_container&#8221; full_screen_row_position=&#8221;middle&#8221; column_margin=&#8221;default&#8221; column_direction=&#8221;default&#8221; column_direction_tablet=&#8221;default&#8221; column_direction_phone=&#8221;default&#8221; scene_position=&#8221;center&#8221; top_padding=&#8221;4%&#8221; bottom_padding=&#8221;6%&#8221; left_padding_desktop=&#8221;8%&#8221; constrain_group_2=&#8221;yes&#8221; right_padding_desktop=&#8221;8%&#8221; top_padding_tablet=&#8221;4%&#8221; bottom_padding_tablet=&#8221;6%&#8221; text_color=&#8221;dark&#8221; text_align=&#8221;left&#8221; row_border_radius=&#8221;none&#8221;...\" \/>\n<meta property=\"og:url\" content=\"https:\/\/conterkasas.com\/en\/terms-and-conditions\/\" \/>\n<meta property=\"og:site_name\" content=\"ConterKasas\" \/>\n<meta property=\"article:publisher\" content=\"https:\/\/www.facebook.com\/profile.php?id=61560774024208\" \/>\n<meta property=\"article:modified_time\" content=\"2025-03-26T14:46:23+00:00\" \/>\n<meta property=\"og:image\" content=\"https:\/\/conterkasas.com\/wp-content\/uploads\/2025\/03\/site-image.jpg\" \/>\n\t<meta property=\"og:image:width\" content=\"1201\" \/>\n\t<meta property=\"og:image:height\" content=\"676\" \/>\n\t<meta property=\"og:image:type\" content=\"image\/jpeg\" \/>\n<meta name=\"twitter:card\" content=\"summary_large_image\" \/>\n<meta name=\"twitter:label1\" content=\"Est. reading time\" \/>\n\t<meta name=\"twitter:data1\" content=\"3 minutes\" \/>\n<script type=\"application\/ld+json\" class=\"yoast-schema-graph\">{\"@context\":\"https:\/\/schema.org\",\"@graph\":[{\"@type\":\"WebPage\",\"@id\":\"https:\/\/conterkasas.com\/en\/terms-and-conditions\/\",\"url\":\"https:\/\/conterkasas.com\/en\/terms-and-conditions\/\",\"name\":\"Terms and conditions\",\"isPartOf\":{\"@id\":\"https:\/\/conterkasas.com\/#website\"},\"datePublished\":\"2025-03-25T15:56:14+00:00\",\"dateModified\":\"2025-03-26T14:46:23+00:00\",\"breadcrumb\":{\"@id\":\"https:\/\/conterkasas.com\/en\/terms-and-conditions\/#breadcrumb\"},\"inLanguage\":\"en-US\",\"potentialAction\":[{\"@type\":\"ReadAction\",\"target\":[\"https:\/\/conterkasas.com\/en\/terms-and-conditions\/\"]}]},{\"@type\":\"BreadcrumbList\",\"@id\":\"https:\/\/conterkasas.com\/en\/terms-and-conditions\/#breadcrumb\",\"itemListElement\":[{\"@type\":\"ListItem\",\"position\":1,\"name\":\"In\u00edcio\",\"item\":\"https:\/\/conterkasas.com\/en\/\"},{\"@type\":\"ListItem\",\"position\":2,\"name\":\"Terms and conditions\"}]},{\"@type\":\"WebSite\",\"@id\":\"https:\/\/conterkasas.com\/#website\",\"url\":\"https:\/\/conterkasas.com\/\",\"name\":\"ConterKasas\",\"description\":\"Solu\u00e7\u00f5es de Habita\u00e7\u00e3o\",\"publisher\":{\"@id\":\"https:\/\/conterkasas.com\/#organization\"},\"potentialAction\":[{\"@type\":\"SearchAction\",\"target\":{\"@type\":\"EntryPoint\",\"urlTemplate\":\"https:\/\/conterkasas.com\/?s={search_term_string}\"},\"query-input\":{\"@type\":\"PropertyValueSpecification\",\"valueRequired\":true,\"valueName\":\"search_term_string\"}}],\"inLanguage\":\"en-US\"},{\"@type\":\"Organization\",\"@id\":\"https:\/\/conterkasas.com\/#organization\",\"name\":\"ConterKasas\",\"alternateName\":\"ConterKasas\",\"url\":\"https:\/\/conterkasas.com\/\",\"logo\":{\"@type\":\"ImageObject\",\"inLanguage\":\"en-US\",\"@id\":\"https:\/\/conterkasas.com\/#\/schema\/logo\/image\/\",\"url\":\"https:\/\/conterkasas.com\/wp-content\/uploads\/2025\/03\/organization-logo.jpg\",\"contentUrl\":\"https:\/\/conterkasas.com\/wp-content\/uploads\/2025\/03\/organization-logo.jpg\",\"width\":697,\"height\":696,\"caption\":\"ConterKasas\"},\"image\":{\"@id\":\"https:\/\/conterkasas.com\/#\/schema\/logo\/image\/\"},\"sameAs\":[\"https:\/\/www.facebook.com\/profile.php?id=61560774024208\",\"https:\/\/www.instagram.com\/conterkasas\/\"]}]}<\/script>\n<!-- \/ Yoast SEO plugin. -->","yoast_head_json":{"title":"Terms and conditions","robots":{"index":"index","follow":"follow","max-snippet":"max-snippet:-1","max-image-preview":"max-image-preview:large","max-video-preview":"max-video-preview:-1"},"canonical":"https:\/\/conterkasas.com\/en\/terms-and-conditions\/","og_locale":"en_US","og_type":"article","og_title":"Terms and conditions","og_description":"[vc_row type=&#8221;in_container&#8221; full_screen_row_position=&#8221;middle&#8221; column_margin=&#8221;default&#8221; column_direction=&#8221;default&#8221; column_direction_tablet=&#8221;default&#8221; column_direction_phone=&#8221;default&#8221; scene_position=&#8221;center&#8221; top_padding=&#8221;4%&#8221; bottom_padding=&#8221;6%&#8221; left_padding_desktop=&#8221;8%&#8221; constrain_group_2=&#8221;yes&#8221; right_padding_desktop=&#8221;8%&#8221; top_padding_tablet=&#8221;4%&#8221; bottom_padding_tablet=&#8221;6%&#8221; text_color=&#8221;dark&#8221; text_align=&#8221;left&#8221; row_border_radius=&#8221;none&#8221;...","og_url":"https:\/\/conterkasas.com\/en\/terms-and-conditions\/","og_site_name":"ConterKasas","article_publisher":"https:\/\/www.facebook.com\/profile.php?id=61560774024208","article_modified_time":"2025-03-26T14:46:23+00:00","og_image":[{"width":1201,"height":676,"url":"https:\/\/conterkasas.com\/wp-content\/uploads\/2025\/03\/site-image.jpg","type":"image\/jpeg"}],"twitter_card":"summary_large_image","twitter_misc":{"Est. reading time":"3 minutes"},"schema":{"@context":"https:\/\/schema.org","@graph":[{"@type":"WebPage","@id":"https:\/\/conterkasas.com\/en\/terms-and-conditions\/","url":"https:\/\/conterkasas.com\/en\/terms-and-conditions\/","name":"Terms and conditions","isPartOf":{"@id":"https:\/\/conterkasas.com\/#website"},"datePublished":"2025-03-25T15:56:14+00:00","dateModified":"2025-03-26T14:46:23+00:00","breadcrumb":{"@id":"https:\/\/conterkasas.com\/en\/terms-and-conditions\/#breadcrumb"},"inLanguage":"en-US","potentialAction":[{"@type":"ReadAction","target":["https:\/\/conterkasas.com\/en\/terms-and-conditions\/"]}]},{"@type":"BreadcrumbList","@id":"https:\/\/conterkasas.com\/en\/terms-and-conditions\/#breadcrumb","itemListElement":[{"@type":"ListItem","position":1,"name":"In\u00edcio","item":"https:\/\/conterkasas.com\/en\/"},{"@type":"ListItem","position":2,"name":"Terms and conditions"}]},{"@type":"WebSite","@id":"https:\/\/conterkasas.com\/#website","url":"https:\/\/conterkasas.com\/","name":"ConterKasas","description":"Solu\u00e7\u00f5es de Habita\u00e7\u00e3o","publisher":{"@id":"https:\/\/conterkasas.com\/#organization"},"potentialAction":[{"@type":"SearchAction","target":{"@type":"EntryPoint","urlTemplate":"https:\/\/conterkasas.com\/?s={search_term_string}"},"query-input":{"@type":"PropertyValueSpecification","valueRequired":true,"valueName":"search_term_string"}}],"inLanguage":"en-US"},{"@type":"Organization","@id":"https:\/\/conterkasas.com\/#organization","name":"ConterKasas","alternateName":"ConterKasas","url":"https:\/\/conterkasas.com\/","logo":{"@type":"ImageObject","inLanguage":"en-US","@id":"https:\/\/conterkasas.com\/#\/schema\/logo\/image\/","url":"https:\/\/conterkasas.com\/wp-content\/uploads\/2025\/03\/organization-logo.jpg","contentUrl":"https:\/\/conterkasas.com\/wp-content\/uploads\/2025\/03\/organization-logo.jpg","width":697,"height":696,"caption":"ConterKasas"},"image":{"@id":"https:\/\/conterkasas.com\/#\/schema\/logo\/image\/"},"sameAs":["https:\/\/www.facebook.com\/profile.php?id=61560774024208","https:\/\/www.instagram.com\/conterkasas\/"]}]}},"_links":{"self":[{"href":"https:\/\/conterkasas.com\/en\/wp-json\/wp\/v2\/pages\/1381","targetHints":{"allow":["GET"]}}],"collection":[{"href":"https:\/\/conterkasas.com\/en\/wp-json\/wp\/v2\/pages"}],"about":[{"href":"https:\/\/conterkasas.com\/en\/wp-json\/wp\/v2\/types\/page"}],"author":[{"embeddable":true,"href":"https:\/\/conterkasas.com\/en\/wp-json\/wp\/v2\/users\/2"}],"replies":[{"embeddable":true,"href":"https:\/\/conterkasas.com\/en\/wp-json\/wp\/v2\/comments?post=1381"}],"version-history":[{"count":1,"href":"https:\/\/conterkasas.com\/en\/wp-json\/wp\/v2\/pages\/1381\/revisions"}],"predecessor-version":[{"id":1382,"href":"https:\/\/conterkasas.com\/en\/wp-json\/wp\/v2\/pages\/1381\/revisions\/1382"}],"wp:attachment":[{"href":"https:\/\/conterkasas.com\/en\/wp-json\/wp\/v2\/media?parent=1381"}],"curies":[{"name":"wp","href":"https:\/\/api.w.org\/{rel}","templated":true}]}}